{"id":874,"date":"2018-08-31T18:29:01","date_gmt":"2018-08-31T21:29:01","guid":{"rendered":"https:\/\/isfdbelgrano-tuc.infd.edu.ar\/sitio\/funciones-del-isfd\/"},"modified":"2026-03-27T17:06:54","modified_gmt":"2026-03-27T20:06:54","slug":"funciones-del-isfd","status":"publish","type":"page","link":"https:\/\/isfdbelgrano-tuc.infd.edu.ar\/sitio\/funciones-del-isfd\/","title":{"rendered":"Funciones del ISFD"},"content":{"rendered":"<p><span style=\"font-family: arial,helvetica,sans-serif; font-size: 10pt;\"><strong><span style=\"text-decoration: underline;\">FUNCIONES<\/span><\/strong><span style=\"text-decoration: underline;\">\u00a0<strong>INSTITUCIONALES:<\/strong><\/span><\/span><\/p>\n<p style=\"text-align: justify;\"><span style=\"font-size: 10pt;\">En el ejercicio de las funciones de Resoluci\u00f3n N\u00ba 30 del C.F.E. el I.S.F.D. de la Escuela Normal Superior \u201cManuel Belgrano\u201d atiende a una amplia zona de influencia (abarca el Circuito Territorial IV en las zonas 8 de Supervisi\u00f3n de Nivel Inicial, las zonas 20 y 21 de las Supervisiones de Primaria y la Regi\u00f3n 2 de Secundaria) y cumple con las funciones de:<\/span><\/p>\n<p style=\"text-align: justify;\"><span style=\"font-size: 10pt;\">&#8211; formaci\u00f3n inicial,<\/span><\/p>\n<p style=\"text-align: justify;\"><span style=\"font-size: 10pt;\">&#8211; perfeccionamiento, actualizaci\u00f3n y desarrollo profesional,<\/span><\/p>\n<p style=\"text-align: justify;\"><span style=\"font-size: 10pt;\">&#8211; investigaci\u00f3n educativa.<\/span><\/p>\n<p style=\"text-align: justify;\"><span style=\"font-size: 10pt;\">Asimismo, en el marco de las acciones del\u00a0<\/span><span style=\"font-size: 13px;\">Instituto Nacional de Formaci\u00f3n Docente nuestro i<\/span><span style=\"font-size: 10pt;\">nstituto formador particip\u00f3 de los siguientes proyectos seg\u00fan el \u00e1rea de desarrollo:<\/span><\/p>\n<p style=\"text-align: justify;\"><span style=\"font-size: 10pt;\"><em style=\"font-family: Verdana, Arial, Helvetica, sans-serif; text-align: left;\">&#8211; \u00c1rea de Desarrollo Institucional:<\/em><\/span><\/p>\n<ul>\n<li><span style=\"font-size: 10pt;\">Centro de Actualizaci\u00f3n e Innovaci\u00f3n Educativa (CAIE): desde 2007 a 2010 bajo la coordinaci\u00f3n de la Ing. Mercedes Espinosa Arce.<\/span><\/li>\n<li><span style=\"font-size: 10pt;\">Proyecto de Mejora Institucional 2007 \u201cAcerc\u00e1ndonos hacia el modelo deseado de formaci\u00f3n docente desde el trabajo en equipo y en redes\u201d\u00a0 (el cual gener\u00f3 un gran impacto ya que se trabaj\u00f3 en red con otros ISFD de Monteros y Villa Quinteros);<\/span><\/li>\n<li><span style=\"font-size: 10pt;\">Publicaci\u00f3n de la revista \u201cNuestra Revista\u201d, ediciones 2007 a 2010.<\/span><\/li>\n<li><span style=\"font-size: 10pt;\">Proyecto de Mejora Institucional en Ciencias 2008 \u201cAbriendo espacios alternativos de aprendizaje para renovar el inter\u00e9s de los estudiantes en la carrera\u201d (proyecto dise\u00f1ado y ejecutado en red con el ISFD de la Escuela Superior de Comercio de Monteros);<\/span><\/li>\n<li><span style=\"font-size: 10pt;\">Proyecto \u201cAcompa\u00f1amiento a Docentes Noveles 2008\u201d;<\/span><\/li>\n<li><span style=\"font-size: 10pt;\">Autoevaluaci\u00f3n Institucional y Proyecto de Mejora 2009 \u201cFortalecimiento institucional\u201d;<\/span><\/li>\n<li><span style=\"font-size: 10pt;\">Proyecto de Residencias Pedag\u00f3gicas (2009-2010);<\/span><\/li>\n<li><span style=\"font-size: 10pt;\">Proyecto de Mejora 2010 \u201cConstruyendo puentes que favorezcan la trayectoria de formadores del instituto y de las Escuelas Secundarias Asociadas y estudiantes de la carrera de Biolog\u00eda en la Escuela Normal Superior Manuel Belgrano\u201d;<\/span><\/li>\n<li><span style=\"font-size: 10pt;\">Proyecto de Mejora 2012 \u201cEl eje de las pr\u00e1cticas como centro organizador de la formaci\u00f3n docente inicial\u201d.<\/span><\/li>\n<li><span style=\"font-size: 10pt;\">Pol\u00edticas Estudiantiles, Tutora Institucional Prof. Mariela Gabriela Bustamante: \u201cProyecto Nos-Otros y la participaci\u00f3n\u201d (2011), \u201cTaller de difusi\u00f3n de ofertas acad\u00e9micas en Escuelas Secundarias Asociadas\u201d (2011), \u201cProyecto Taller de ambientaci\u00f3n a futuros ingresantes al Profesorado de educaci\u00f3n Secundaria en Biolog\u00eda\u201d (2011) y \u201cProyecto Malvinas\u2026 juntos hacia una recuperaci\u00f3n pac\u00edfica\u201d (2012)<\/span><\/li>\n<\/ul>\n<div><span style=\"font-size: 10pt;\">&#8211; <em style=\"font-size: 10pt;\">\u00c1rea de Desarrollo Profesional:<\/em><\/span><\/div>\n<ul>\n<li><span style=\"font-size: 10pt;\">Proyecto de Investigaci\u00f3n 2007 \u201cConocer para incidir sobre los aprendizajes: las pr\u00e1cticas de evaluaci\u00f3n y su incidencia en el aprendizaje de los alumnos\u201d.<\/span><\/li>\n<li><span style=\"font-size: 10pt;\">Proyecto Nacional Visitas al exterior en el \u00e1rea de Matem\u00e1tica, Universidad de Barcelona, Prof. Mar\u00eda Selva Serrano, a\u00f1o 2007<\/span><\/li>\n<li><span style=\"font-size: 10pt;\">Proyecto Nacional Visitas al exterior en el \u00e1rea de Biolog\u00eda, Universidad de Barcelona, Prof. Gladys Liliana Fern\u00e1ndez, a\u00f1o 2007.<\/span><\/li>\n<li><span style=\"font-size: 10pt;\">Escritura en Ciencias (INFOD), participaci\u00f3n de la Prof. Valeria Pereyra en 2010 y 2013, del Prof. Agust\u00edn Mendoza en el a\u00f1o 2012 y de la Prof. Cristina Ardiles en 2013.<\/span><\/li>\n<li><span style=\"font-size: 10pt;\">Becas Saint Exuperi\u00e8 (INFOD), participaci\u00f3n de la Lic. Luisa Romano den el a\u00f1o 2010, 2011, 2012.<\/span><\/li>\n<li><span style=\"font-size: 10pt;\">Post\u00edtulo \u201cEspecializaci\u00f3n Superior en Ense\u00f1anza de la Matem\u00e1tica para EGB\u201d, cohortes 2006 y 2007 (Res. N\u00ba 434\/5 (SE)) y cohorte 2008 (Res. N\u00ba 646\/5 (SGE)<\/span><\/li>\n<li><span style=\"font-size: 10pt;\">Post\u00edtulo \u201cEspecializaci\u00f3n Superior en las Did\u00e1cticas de Nivel Inicial desde la interdisciplinariedad\u201d, cohortes 2007 y 2008 (Res. N\u00ba1124\/5 (SGE))<\/span><\/li>\n<li><span style=\"font-size: 10pt;\">Post\u00edtulo \u201cEspecializaci\u00f3n Superior en la ense\u00f1anza de nuevos enfoques y problemas de la Historia Contempor\u00e1nea\u201d, cohorte 2008\u00a0 (Res. N\u00ba 2177\/5 (SGE))<\/span><\/li>\n<li><span style=\"font-size: 10pt;\">Post\u00edtulo \u201cEspecializaci\u00f3n Superior en Educaci\u00f3n Rural para la Educaci\u00f3n Primaria\u201d, cohortes 2008-2009-2010 (Ministerio de Educaci\u00f3n de la Naci\u00f3n Res 836\/5 (SGE))<\/span><\/li>\n<li><span style=\"font-size: 10pt;\">Post\u00edtulo \u201cActualizaci\u00f3n Superior en Alfabetizaci\u00f3n Acad\u00e9mica: nuevos enfoques, debates y aportes en el contexto actual\u201d, cohorte 2012 (Res. N\u00ba 1215\/5 (SGE))<\/span><\/li>\n<li><span style=\"font-size: 10pt;\">Post\u00edtulo \u201cEspecializaci\u00f3n Superior en el juego como estrategia did\u00e1ctica en la primera infancia y su relaci\u00f3n con las \u00e1reas art\u00edsticas y las nuevas tecnolog\u00edas\u201d, cohorte 2012 (Res. N\u00ba 1215\/5 (SGE))<\/span><\/li>\n<li><span style=\"font-size: 10pt;\">Post\u00edtulo \u201cEspecializaci\u00f3n Docente de Nivel Superior en Educaci\u00f3n y TIC\u201d 1a., 2da. y 3er. cohortes entre los a\u00f1os\u00a02012 y\u00a02013.\u00a0(Ministerio de Educaci\u00f3n de la Naci\u00f3n Res. 856\/2012).<\/span><span style=\"font-size: 10pt; font-family: 'Open Sans', Verdana, Arial, Helvetica, sans-serif;\">\u00a0<\/span><\/li>\n<\/ul>\n<div><span style=\"font-family: 'Open Sans', Verdana, Arial, Helvetica, sans-serif; font-size: 10pt;\">&#8211;\u00a0<em>\u00c1rea de Desarrollo Curricular:<\/em><\/span><\/div>\n<ul>\n<li><span style=\"font-size: 10pt;\">Participaci\u00f3n en 2008 de dos profesionales del \u00e1rea de formaci\u00f3n general (Generalista Prof. y Lic. Luisa Romano)\u00a0 y de formaci\u00f3n orientada (\u00e1rea Matem\u00e1tica Prof. y Lic. Mar\u00eda Selva Serrano) en la Comisi\u00f3n Curricular Jurisdiccional de Dise\u00f1os de Formaci\u00f3n Docente para las carreras de cuatro a\u00f1os de Profesorado de Educaci\u00f3n Inicial y Profesorado de Educaci\u00f3n Primaria. <\/span><\/li>\n<\/ul>\n<p><span style=\"font-size: 10pt;\">En 2025 se llevaron a cabo las siguientes acciones: <\/span><\/p>\n<p><span style=\"font-size: 10pt;\"><em>&#8211; Formaci\u00f3n Docente Contin<\/em>ua: Curso de Capacitaci\u00f3n \u00abLiteratura de Tucum\u00e1n a finales del Siglo XIX y XX\u00bb, Setiembre a Noviembre, 2025 (Res. 1809\/5 Med y su rectificatoria Res. 3031\/5 Med).\u00a0<\/span><\/p>\n","protected":false},"excerpt":{"rendered":"<p>FUNCIONES\u00a0INSTITUCIONALES: En el ejercicio de las funciones de Resoluci\u00f3n N\u00ba 30 del C.F.E. el I.S.F.D. de la Escuela Normal Superior \u201cManuel Belgrano\u201d atiende a una amplia zona de influencia (abarca el Circuito Territorial IV en las zonas 8 de Supervisi\u00f3n de Nivel Inicial, las zonas 20 y 21 de las Supervisiones de Primaria y la &#8230; <a title=\"Funciones del ISFD\" class=\"read-more\" href=\"https:\/\/isfdbelgrano-tuc.infd.edu.ar\/sitio\/funciones-del-isfd\/\" aria-label=\"More on Funciones del ISFD\">[+]<\/a><\/p>\n","protected":false},"author":11,"featured_media":0,"parent":0,"menu_order":0,"comment_status":"closed","ping_status":"closed","template":"","meta":[],"acf":[],"_links":{"self":[{"href":"https:\/\/isfdbelgrano-tuc.infd.edu.ar\/sitio\/wp-json\/wp\/v2\/pages\/874"}],"collection":[{"href":"https:\/\/isfdbelgrano-tuc.infd.edu.ar\/sitio\/wp-json\/wp\/v2\/pages"}],"about":[{"href":"https:\/\/isfdbelgrano-tuc.infd.edu.ar\/sitio\/wp-json\/wp\/v2\/types\/page"}],"author":[{"embeddable":true,"href":"https:\/\/isfdbelgrano-tuc.infd.edu.ar\/sitio\/wp-json\/wp\/v2\/users\/11"}],"replies":[{"embeddable":true,"href":"https:\/\/isfdbelgrano-tuc.infd.edu.ar\/sitio\/wp-json\/wp\/v2\/comments?post=874"}],"version-history":[{"count":1,"href":"https:\/\/isfdbelgrano-tuc.infd.edu.ar\/sitio\/wp-json\/wp\/v2\/pages\/874\/revisions"}],"predecessor-version":[{"id":954,"href":"https:\/\/isfdbelgrano-tuc.infd.edu.ar\/sitio\/wp-json\/wp\/v2\/pages\/874\/revisions\/954"}],"wp:attachment":[{"href":"https:\/\/isfdbelgrano-tuc.infd.edu.ar\/sitio\/wp-json\/wp\/v2\/media?parent=874"}],"curies":[{"name":"wp","href":"https:\/\/api.w.org\/{rel}","templated":true}]}}