{"id":864,"date":"2018-08-31T18:28:58","date_gmt":"2018-08-31T21:28:58","guid":{"rendered":"https:\/\/isfdbelgrano-tuc.infd.edu.ar\/sitio\/historia\/"},"modified":"2026-03-27T20:09:05","modified_gmt":"2026-03-27T23:09:05","slug":"historia","status":"publish","type":"page","link":"https:\/\/isfdbelgrano-tuc.infd.edu.ar\/sitio\/historia\/","title":{"rendered":"Historia"},"content":{"rendered":"<p><span style=\"font-size: 10pt;\">\u00a0Desde 2009 se dictan las carreras de formaci\u00f3n docente de 4 a\u00f1os aprobados por Resoluci\u00f3n Nacional N\u00ba 209\/5 y Resoluci\u00f3n Ministerial N\u00ba 637\/5 (MEd) <strong>Profesorado de Educaci\u00f3n Inicial<\/strong> y Resoluci\u00f3n Ministerial N\u00ba 638\/5 (MEd) <strong>Profesorado de Educaci\u00f3n Primaria<\/strong>. Respetando as\u00ed lo establecido en la nueva Ley de Educaci\u00f3n Nacional. Asimismo se contin\u00faa ofreciendo como oferta acad\u00e9mica el <strong>Profesorado de Educaci\u00f3n Secundaria en Biolog\u00eda<\/strong> (Res. Min.791\/5 (SE) y Resoluci\u00f3n Nacional N\u00ba 209\/5) de cuatro a\u00f1os de duraci\u00f3n. En la actualidad se dictan dos carreras pertenecientes a la Formaci\u00f3n Docente Inicial, tales como, P<strong>rofesorado de Educaci\u00f3n Primaria<\/strong> (Res. 1423\/5 Med) en turno vespertino y el\u00a0<strong>Profesorado de Educaci\u00f3n Secundaria en Biolog\u00eda<\/strong> (Res. 1434\/5 Med) en turno nocturno. Cabe acotar que tambi\u00e9n se dicta la carrera de la Formaci\u00f3n T\u00e9cnico-Profesional denominada,\u00a0Tecnicatura Superior en Agroindustria de los Alimentos (Res. 1271\/5 Med) en turno nocturno.\u00a0<\/span><\/p>\n<hr \/>\n<table style=\"width: 100%;\" border=\"0\">\n<tbody>\n<tr class=\"titulo\">\n<td colspan=\"3\">\n<h1>Historia y actualidad del Instituto Superior de Formaci\u00f3n Docente (I.S.F.D.)<\/h1>\n<\/td>\n<\/tr>\n<tr>\n<td colspan=\"2\"><span style=\"font-size: 10pt;\">La <strong>Escuela Normal Superior \u201cManuel Belgrano<\/strong>\u201d, es una instituci\u00f3n de gesti\u00f3n estatal, que fue creada por iniciativa del Doctor Juan Carlos C\u00e1rdenas, por Ley N\u00b0 14.535 del 09 de septiembre de 1.958.<\/span><\/td>\n<td width=\"30%\">\n<div style=\"text-align: center;\"><span style=\"font-size: 10pt;\"><img decoding=\"async\" title=\"Logo nuevo\" src=\"https:\/\/isfdbelgrano-tuc.infd.edu.ar\/sitio\/wp-content\/uploads\/2018\/08\/logonuevo.fw_1.png\" alt=\"Logo nuevo\" border=\"0\" \/><\/span><\/div>\n<\/td>\n<\/tr>\n<tr>\n<td colspan=\"3\"><span style=\"font-size: 10pt;\">Su inauguraci\u00f3n fue concretada el 31 de Marzo de 1.959, y comenz\u00f3 a funcionar el 04 de Junio de ese mismo a\u00f1o, en el local de la Escuela Nacional\u00a0 N\u00b0 230, el Nivel Medio con dos divisiones. En el a\u00f1o 1961 se inicia el Nivel Primario como Departamento de Aplicaci\u00f3n, con el objetivo de poseer un \u00e1mbito de pr\u00e1ctica para los Maestros Normales Nacionales que egresar\u00edan en el a\u00f1o 1963.<\/span><\/td>\n<\/tr>\n<tr>\n<td colspan=\"3\"><span style=\"font-size: 10pt;\">Luego funcion\u00f3 en el local de la Escuela Josefa D\u00edaz, situada en la zona c\u00e9ntrica de Simoca, donde comienza a funcionar, en 1971, el\u00a0<strong>Nivel Terciario<\/strong>\u00a0con el \u201cProfesorado de Nivel Elemental\u201d, aprobado por Resoluci\u00f3n\u00a0 N\u00ba 140 del Ministerio de Cultura y Educaci\u00f3n de la Naci\u00f3n. Reci\u00e9n el 11 de septiembre de 1.974, luego de funcionar en distintas escuelas cedidas por naci\u00f3n y provincia, y de alquilar locales para su funcionamiento, la Escuela Normal inaugura oficialmente su edificio propio en terrenos cedidos por la se\u00f1ora Dolores Medina de Coronel, sito en calle G\u00f3mez Llueca N\u00b0 950 de la ciudad antes mencionada.<\/span><\/td>\n<\/tr>\n<tr>\n<td colspan=\"3\">\n<h3 style=\"margin-top: 0px; margin-bottom: 0px; padding-bottom: 0px;\"><span style=\"font-size: 10pt;\">50 a\u00f1os de vida acad\u00e9mica<\/span><\/h3>\n<\/td>\n<\/tr>\n<tr>\n<td width=\"30%\">\n<div style=\"text-align: center;\"><span style=\"font-size: 10pt;\"><img decoding=\"async\" title=\"mapa\" src=\"https:\/\/isfdbelgrano-tuc.infd.edu.ar\/sitio\/wp-content\/uploads\/2018\/08\/250pxDepartamento_Simoca_Tucuman__Argentina.bmp\" alt=\"mapa\" border=\"0\" \/><\/span><\/div>\n<\/td>\n<td colspan=\"2\"><span style=\"font-size: 10pt;\">En estos 54 a\u00f1os de vida acad\u00e9mica, la Escuela creci\u00f3 considerablemente. Su oferta va desde el Nivel Inicial con su sala de 3, 4 y 5 a\u00f1os, Nivel Primario; Nivel Secundario\u00a0(Ciclo B\u00e1sico y Ciclo Orientado\u00a0con las Modalidades de Ciencias Naturales, Ciencias Sociales,\u00a0Comunicaci\u00f3n, Arte y Dise\u00f1o\u00a0y Econom\u00eda y Gesti\u00f3n de las Organizaciones; el ISFD (Nivel Terciario) ofrece las carreras de Profesorado\u00a0 de Educaci\u00f3n Inicial, Profesorado de Educaci\u00f3n Primaria y el Profesorado de Educaci\u00f3n Secundaria en Biolog\u00eda.<\/span><\/td>\n<\/tr>\n<tr>\n<td colspan=\"3\"><span style=\"font-size: 10pt;\">El Nivel Terciario (ISFD) contin\u00faa sus antecedentes en el a\u00f1o 1.973 cuando comienza a funcionar el \u201cProfesorado para la Ense\u00f1anza Primaria\u201d, aprobado por Resoluci\u00f3n N\u00ba 287, el cual se modifica en el a\u00f1o 1.988 por Resoluci\u00f3n 530\/88 del Ministerio de Cultura y Educaci\u00f3n de la Naci\u00f3n, cambiando el plan de estudio para otorgar t\u00edtulos de \u201cMaestro de la Ense\u00f1anza B\u00e1sica\u201d (M.E.B.), carrera de tres a\u00f1os de duraci\u00f3n. De esta carrera se cuentan m\u00e1s de 250 egresados. Fue Regente del Nivel Terciario la PROF. CIRA MEYSTRI, entre\u00a0 1988 y 1991, le sucedi\u00f3 la\u00a0 PROF. TERESA SOLBES en los a\u00f1os 1992 y 1993.<\/span><\/td>\n<\/tr>\n<tr>\n<td colspan=\"3\"><span style=\"font-size: 10pt;\">\u00a0<\/span><span style=\"font-size: 10pt;\">En el a\u00f1o 1.993, acorde a la transformaci\u00f3n educativa implementada por el Consejo Federal de Educaci\u00f3n y Cultura de la Naci\u00f3n, por Resoluci\u00f3n Ministerial N\u00ba 628\/14 (SE) se pone en marcha el Programa de Transformaci\u00f3n de la Formaci\u00f3n Docente (P.T.F.D.), que con nuevas l\u00edneas formativas otorga el t\u00edtulo de \u201cProfesor de la Ense\u00f1anza B\u00e1sica\u201d (P.E.B.) con una formaci\u00f3n de grado de tres (3) a\u00f1os de estudios. Los egresados docentes de esta carrera suman alrededor de 300. En ese entonces se constituy\u00f3 como Regente del Nivel Terciario la PROF. SUSANA VILLAF\u00c1\u00d1E\u00a0 durante los a\u00f1os 1994 y 1995; y desde 1995 fue Prosecretaria del Nivel Terciario la Docente Mar\u00eda Antonia Gonz\u00e1lez de Arr\u00faa.<\/span><\/td>\n<\/tr>\n<tr>\n<td colspan=\"3\">\n<h3 style=\"margin-top: 0px; margin-bottom: 0px; padding-bottom: 0px;\"><span style=\"font-size: 10pt;\">Diversificar la oferta educativa<\/span><\/h3>\n<\/td>\n<\/tr>\n<tr>\n<td colspan=\"2\"><span style=\"font-size: 10pt;\">Con el af\u00e1n de diversificar la oferta educativa y laboral de la zona, en 1.996, comenz\u00f3 a funcionar el \u201cProfesorado para la Educaci\u00f3n Inicial\u201d (P.E.I.) del citado programa homologando con el P.E.B. la duraci\u00f3n de la carrera. Se cuentan 200 egresados de esta oferta formativa para nivel inicial. Durante el\u00a0 per\u00edodo 1996\/1997 fue Regente del Nivel la PROF. BEATRIZ FERN\u00c1NDES PAZ DE FARALLE.<\/span><\/td>\n<td width=\"30%\">\n<div style=\"text-align: center;\"><img decoding=\"async\" loading=\"lazy\" style=\"border: 0;\" title=\"educacion primaria pizarron\" src=\"https:\/\/isfdbelgrano-tuc.infd.edu.ar\/sitio\/wp-content\/uploads\/2018\/08\/educacion_primaria.jpg\" alt=\"educacion primaria pizarron\" width=\"180\" height=\"160\" border=\"0\" \/><\/div>\n<\/td>\n<\/tr>\n<tr>\n<td colspan=\"3\"><span style=\"font-size: 10pt;\">A partir del a\u00f1o 1.998, se pone en marcha el Plan de Transici\u00f3n para la formaci\u00f3n docente creando las carreras de Profesorado de Educaci\u00f3n Inicial (Resoluci\u00f3n N\u00ba 28\/5 (SE)), Profesorado de EGB 1 y 2 (Resoluci\u00f3n N\u00ba 26\/5 (SE)) y Profesorado de EGB 3 y Educaci\u00f3n Polimodal en Historia (Resoluci\u00f3n N\u00ba 22\/5 (SE)), ofreciendo al futuro docente\u00a0 una formaci\u00f3n multidisciplinar que asegura \u201cidoneidad en la ense\u00f1anza de la Matem\u00e1tica, Lengua, Ciencias Sociales, Ciencias Naturales, Formaci\u00f3n \u00c9tica y conocimientos de Tecnolog\u00eda, Educaci\u00f3n Art\u00edstica y Educaci\u00f3n F\u00edsica\u201d (A-11: punto 2.5). Todas estas carreras otorgan t\u00edtulos de validez nacional por Resoluci\u00f3n N\u00ba 931 SPEE del Ministerio de Cultura y Educaci\u00f3n de la naci\u00f3n. A la fecha se cuentan alrededor de 400 egresados de estas ofertas de formaci\u00f3n docente.<\/span><\/p>\n<p style=\"text-align: justify;\"><span style=\"font-size: 10pt;\">Desde 1998 y hasta Agosto de 2009 fue Regente del Instituto Superior de Formaci\u00f3n Docente de la Escuela Normal Superior \u201cManuel Belgrano\u201d la Lic. Luc\u00eda Beatriz Hidalgo, quien ocup\u00f3 el cargo de Rectora de la Instituci\u00f3n.<\/span><\/p>\n<p style=\"text-align: justify;\"><span style=\"font-size: 10pt;\">En el ciclo lectivo 2006 se cambia la oferta del profesorado\u00a0 de EGB 3 y Polimodal ofreciendo a la comunidad el Profesorado de Tercer Ciclo de EGB y Educaci\u00f3n Polimodal en Biolog\u00eda aprobado por Resoluci\u00f3n Ministerial N\u00b0 791\/5 (SE), el cual modifica su denominaci\u00f3n por Resoluci\u00f3n Ministerial N\u00ba 638\/5 (MEd) por \u00abProfesorado de Educaci\u00f3n Secundaria en Biolog\u00eda\u00bb. En el mismo a\u00f1o y con la intenci\u00f3n de fortalecer la formaci\u00f3n profesional de nuestros egresados docente se crea el post\u00edtulo \u201cEspecializaci\u00f3n Superior en Ense\u00f1anza de la Matem\u00e1tica para EGB\u201d aprobado por Resoluci\u00f3n N\u00b0 434\/5 (SE) para las cohortes 2006 y 2007, contando con 90 egresados de esta especializaci\u00f3n. Dado el requerimiento de los docentes de la zona de Simoca, Leales\u00a0y Monteros, y por el alto nivel de formaci\u00f3n de este postitulo se aprueba por Resoluci\u00f3n N\u00ba 646\/5 (SGE) el dictado de la tercera cohorte en el a\u00f1o 2008. Resultando de esta cohorte 40 docentes post\u00ectulados m\u00e1s en Matem\u00e1tica.<\/span><\/p>\n<p style=\"text-align: justify;\"><span style=\"font-size: 10pt;\">En el a\u00f1o 2007 se crea por Resoluci\u00f3n N\u00ba 1124\/5 (SGE) el Post\u00ectulo de Formaci\u00f3n Docente \u201cEspecializaci\u00f3n Superior en las Did\u00e1cticas del Nivel Inicial desde la Interdisciplinariedad\u201d y se dicta por dos cohortes durante 2007 y 2008. Egresaron de esta especializaci\u00f3n 65 docentes.<\/span><\/p>\n<p style=\"text-align: justify;\"><span style=\"font-size: 10pt;\">Tambi\u00e9n en 2007, por Resoluci\u00f3n N\u00ba 2177\/5 (SGE) se crea el Post\u00ectulo \u201cEspecializaci\u00f3n Superior en la ense\u00f1anza de nuevos enfoques y problemas de la Historia Contempor\u00e1nea para el nivel secundario\u201d por dos cohortes desde 2008. Se cuenta\u00a0 para junio de este a\u00f1o 12 egresados de esta especializaci\u00f3n.<\/span><\/p>\n<p style=\"text-align: justify;\"><span style=\"font-size: 10pt;\">Desde el a\u00f1o 2007 el Nivel superior no Universitario (ISFD) cont\u00f3 con dos Prosecretarios: la Srta. Elba Antonia Nieva y el Sr. Eduardo Germ\u00e1n Gonz\u00e1lez; y con tres Preceptoras: la Sra. Mar\u00eda del Carmen Garmendia, Cristina Natalia Lobo y Mar\u00eda Gabriela Bustamante. En el a\u00f1o 2012 se jubila el Sr. Gonz\u00e1lez y actualmente ocupa el cargo la Prof. Cristina Natalia Lobo; en 2013 se nombr\u00f3 al Prof. Jos\u00e9 Silva como Preceptor en reemplazo de la Prof. Lobo. D<\/span><span style=\"font-size: 13px;\">esde septiembre de 2009 hasta la a<\/span><span style=\"font-size: 10pt;\">ctualidad la Regencia del ISFD est\u00e1 a cargo de la Lic. Sandra Capponi. En mayo de 2018 se hace cargo de la Regencia del Nivel Superior la Prof. Cecilia de F\u00e1tima Alcorta cuya gesti\u00f3n se extendi\u00f3 hasta marzo de 2020 siendo rectora de la ENSMB la Prof. Luc\u00eda Hidalgo y vice rector el Prof. Mario Ardiles.\u00a0<\/span><\/p>\n<p style=\"text-align: justify;\"><span style=\"font-size: 10pt;\">En 2022 asume en la gesti\u00f3n de la Regencia del Nivel Superior del ISFD la Lic. Lorena Carabajal hasta el a\u00f1o 2024. Como consecuencia de la vacancia producida es que partir de Diciembre de 2024 son designados por la Junta de Clasificaci\u00f3n Superior, tanto en la Regencia del Nivel Superior: el Dr. Fabi\u00e1n Barrera como en la Vice rector\u00eda con extensi\u00f3n al Terciario la Prof. Valeria Pereyra, siendo Rector de dicho establecimiento el Prof. Mario Ardiles. En octubre de 2025 se jubila el Rector Prof. Mario Ardiles quedando a cargo de la Rector\u00eda la Vice rectora Prof. Valeria Pereyra.\u00a0 \u00a0 <\/span><\/p>\n<\/td>\n<\/tr>\n<\/tbody>\n<\/table>\n","protected":false},"excerpt":{"rendered":"<p>\u00a0Desde 2009 se dictan las carreras de formaci\u00f3n docente de 4 a\u00f1os aprobados por Resoluci\u00f3n Nacional N\u00ba 209\/5 y Resoluci\u00f3n Ministerial N\u00ba 637\/5 (MEd) Profesorado de Educaci\u00f3n Inicial y Resoluci\u00f3n Ministerial N\u00ba 638\/5 (MEd) Profesorado de Educaci\u00f3n Primaria. Respetando as\u00ed lo establecido en la nueva Ley de Educaci\u00f3n Nacional. Asimismo se contin\u00faa ofreciendo como oferta &#8230; <a title=\"Historia\" class=\"read-more\" href=\"https:\/\/isfdbelgrano-tuc.infd.edu.ar\/sitio\/historia\/\" aria-label=\"More on Historia\">[+]<\/a><\/p>\n","protected":false},"author":11,"featured_media":0,"parent":0,"menu_order":0,"comment_status":"closed","ping_status":"closed","template":"","meta":[],"acf":[],"_links":{"self":[{"href":"https:\/\/isfdbelgrano-tuc.infd.edu.ar\/sitio\/wp-json\/wp\/v2\/pages\/864"}],"collection":[{"href":"https:\/\/isfdbelgrano-tuc.infd.edu.ar\/sitio\/wp-json\/wp\/v2\/pages"}],"about":[{"href":"https:\/\/isfdbelgrano-tuc.infd.edu.ar\/sitio\/wp-json\/wp\/v2\/types\/page"}],"author":[{"embeddable":true,"href":"https:\/\/isfdbelgrano-tuc.infd.edu.ar\/sitio\/wp-json\/wp\/v2\/users\/11"}],"replies":[{"embeddable":true,"href":"https:\/\/isfdbelgrano-tuc.infd.edu.ar\/sitio\/wp-json\/wp\/v2\/comments?post=864"}],"version-history":[{"count":2,"href":"https:\/\/isfdbelgrano-tuc.infd.edu.ar\/sitio\/wp-json\/wp\/v2\/pages\/864\/revisions"}],"predecessor-version":[{"id":956,"href":"https:\/\/isfdbelgrano-tuc.infd.edu.ar\/sitio\/wp-json\/wp\/v2\/pages\/864\/revisions\/956"}],"wp:attachment":[{"href":"https:\/\/isfdbelgrano-tuc.infd.edu.ar\/sitio\/wp-json\/wp\/v2\/media?parent=864"}],"curies":[{"name":"wp","href":"https:\/\/api.w.org\/{rel}","templated":true}]}}