{"id":853,"date":"2018-08-31T18:28:54","date_gmt":"2018-08-31T21:28:54","guid":{"rendered":"https:\/\/isfdbelgrano-tuc.infd.edu.ar\/sitio\/datos-institucionales\/"},"modified":"2026-03-27T15:10:44","modified_gmt":"2026-03-27T18:10:44","slug":"datos-institucionales","status":"publish","type":"page","link":"https:\/\/isfdbelgrano-tuc.infd.edu.ar\/sitio\/datos-institucionales\/","title":{"rendered":"Datos institucionales"},"content":{"rendered":"\n<blockquote class=\"wp-block-quote has-base-background-color has-background has-medium-font-size\">\n<h1 class=\"wp-block-heading\">&nbsp;<\/h1>\n\n\n\n<figure class=\"wp-block-table\"><table><tbody><tr><td colspan=\"3\">\n<h2 style=\"margin-bottom: 0px; padding-bottom: 0px; text-align: center; margin-top: 0px;\"><span style=\"font-size: 24pt; font-family: verdana,geneva; color: #000080; background-color: #ffffff;\"><strong><span style=\"font-family: arial black,avant garde; background-color: #ffffff;\">I<\/span><\/strong><span style=\"font-family: arial black,avant garde; background-color: #ffffff;\">nstituto Superior de Formaci\u00f3n Docente<\/span><\/span><\/h2>\n<h2 style=\"margin-bottom: 0px; padding-bottom: 0px; text-align: center; margin-top: 0px;\"><span style=\"font-size: 24pt; font-family: verdana,geneva; color: #0000ff; background-color: #ffffff;\"><span style=\"font-family: arial black,avant garde; background-color: #ffffff;\"><span style=\"font-size: 24pt; font-family: arial black,avant garde;\">Escuela Normal Superior<\/span><\/span><\/span><\/h2>\n<h2 style=\"margin-bottom: 0px; padding-bottom: 0px; text-align: center; margin-top: 0px;\"><span style=\"font-size: 24pt; font-family: verdana,geneva; color: #0000ff; background-color: #ffffff;\"><span style=\"font-family: arial black,avant garde; background-color: #ffffff;\"><span style=\"font-size: 24pt; font-family: arial black,avant garde;\">&nbsp;\u00abManuel Belgrano\u00bb<\/span>&nbsp;<\/span><\/span><\/h2>\n<h2 style=\"margin-bottom: 0px; padding-bottom: 0px; text-align: center; margin-top: 0px;\">&nbsp;<\/h2>\n<h2 style=\"margin-bottom: 0px; padding-bottom: 0px; text-align: center; margin-top: 0px;\"><span style=\"font-size: 24pt; font-family: verdana,geneva; color: #003366; background-color: #ffffff;\"><strong><span style=\"color: #000080;\"><span style=\"font-family: arial black,avant garde; color: #000000; background-color: #ffffff;\"><img decoding=\"async\" loading=\"lazy\" title=\"Logo nuevo\" src=\"https:\/\/isfdbelgrano-tuc.infd.edu.ar\/sitio\/wp-content\/uploads\/2018\/08\/logonuevo.fw_1.png\" alt=\"Logo nuevo\" width=\"254\" height=\"221\" border=\"0\">&nbsp;&nbsp;<\/span><\/span><\/strong><\/span><span style=\"font-size: 24pt; font-family: verdana,geneva; color: #003366; background-color: #ffffff;\"><strong><span style=\"color: #000080;\"><span style=\"font-family: arial black,avant garde; color: #000000; background-color: #ffffff;\">&nbsp; <\/span><\/span><\/strong><\/span><\/h2>\n<h2 style=\"margin-bottom: 0px; padding-bottom: 0px; text-align: center; margin-top: 0px;\">&nbsp;<\/h2>\n<\/td><\/tr><tr><td colspan=\"3\">&nbsp;<span style=\"font-family: arial,helvetica,sans-serif; font-size: 12pt;\"><strong>Domicilio:<\/strong> G\u00f3mez Llueca N\u00ba 950 &#8211; Simoca &#8211; Tucum\u00e1n &#8211; CP 4172<\/span><\/td><\/tr><tr><td colspan=\"3\">&nbsp;<iframe loading=\"lazy\" style=\"margin-left: auto; display: block; margin-right: auto;\" src=\"https:\/\/maps.google.com.ar\/maps?f=q&amp;source=embed&amp;hl=es-419&amp;geocode=&amp;q=G%C3%B3mez+Llueca+950+&amp;aq=&amp;sll=-38.341656,-63.28125&amp;sspn=49.987058,79.013672&amp;ie=UTF8&amp;hq=G%C3%B3mez+Llueca+950&amp;hnear=&amp;t=h&amp;cid=6908601171371982626&amp;ll=-27.267181,-65.357795&amp;spn=0.01831,0.027466&amp;z=15&amp;output=embed\" width=\"430\" height=\"291\" frameborder=\"0\" marginwidth=\"0\" marginheight=\"0\" scrolling=\"no\"><\/iframe><a style=\"color: #0000ff; text-align: left;\" href=\"https:\/\/maps.google.com.ar\/maps?f=q&amp;source=embed&amp;hl=es-419&amp;geocode=&amp;q=G%C3%B3mez+Llueca+950+&amp;aq=&amp;sll=-38.341656,-63.28125&amp;sspn=49.987058,79.013672&amp;ie=UTF8&amp;hq=G%C3%B3mez+Llueca+950&amp;hnear=&amp;t=h&amp;cid=6908601171371982626&amp;ll=-27.267181,-65.357795&amp;spn=0.01831,0.027466&amp;z=15\"><span style=\"text-decoration: underline;\"><span style=\"font-size: xx-small;\">Ver mapa m\u00e1s grande<\/span><\/span><\/a><\/td><\/tr><tr><td colspan=\"3\">\n<h3 style=\"margin-bottom: 0px; padding-bottom: 0px; margin-top: 0px;\"><span style=\"font-size: medium;\"><span style=\"font-family: Arial;\">Horarios de Atenci\u00f3n:&nbsp;de <span style=\"font-size: 12pt; font-family: arial, helvetica, sans-serif;\">13:30 a 17:50 hs&nbsp;y<\/span><\/span><\/span><span style=\"font-size: 12pt; font-family: arial, helvetica, sans-serif;\"> de 18:00 a 23:00 hs.<\/span><\/h3>\n<\/td><\/tr><tr><td colspan=\"3\"><span style=\"font-size: 12pt;\"><span style=\"color: #000000; font-family: arial, helvetica, sans-serif; background-color: #ffffff;\"><span style=\"font-family: arial, helvetica, sans-serif; font-size: 12pt;\"><span style=\"color: #000000; font-family: arial, helvetica, sans-serif; font-size: 12pt; background-color: #ffffff;\"><strong>Tel\u00e9fono ISFD<\/strong>: <strong>(03863) 482341<\/strong><\/span><\/span><\/span><\/span><\/td><\/tr><tr><td colspan=\"3\">\n<h3 style=\"margin-bottom: 0px; padding-bottom: 0px; margin-top: 0px;\"><span style=\"font-size: 12pt;\"><span style=\"color: #000000; font-family: arial, helvetica, sans-serif; background-color: #ffffff;\"><span style=\"font-size: 12pt;\"><span style=\"color: #000000; font-family: arial, helvetica, sans-serif; background-color: #ffffff;\"><strong>Telefono de la Escuela Normal Sup. Manuel Belgrano<\/strong>: (03863) 481638<\/span><\/span><\/span><\/span><\/h3>\n<\/td><\/tr><tr><td colspan=\"3\">\n<h3 style=\"margin-bottom: 0px; padding-bottom: 0px; margin-top: 0px;\"><span style=\"font-size: 12pt;\"><span style=\"color: #000000; font-family: arial, helvetica, sans-serif; background-color: #ffffff;\">Mail: <a href=\"mailto:normalbelgrano@gmail.com\"><span style=\"text-decoration: underline;\">normalbelgrano@gmail.com<\/span><\/a><\/span><\/span><\/h3>\n<\/td><\/tr><\/tbody><\/table><\/figure>\n\n\n\n<h1 class=\"wp-block-heading\">&nbsp;<\/h1>\n<\/blockquote>\n","protected":false},"excerpt":{"rendered":"<p>&nbsp; Instituto Superior de Formaci\u00f3n Docente Escuela Normal Superior &nbsp;\u00abManuel Belgrano\u00bb&nbsp; &nbsp; &nbsp;&nbsp;&nbsp; &nbsp; &nbsp;Domicilio: G\u00f3mez Llueca N\u00ba 950 &#8211; Simoca &#8211; Tucum\u00e1n &#8211; CP 4172 &nbsp;Ver mapa m\u00e1s grande Horarios de Atenci\u00f3n:&nbsp;de 13:30 a 17:50 hs&nbsp;y de 18:00 a 23:00 hs. Tel\u00e9fono ISFD: (03863) 482341 Telefono de la Escuela Normal Sup. Manuel Belgrano: (03863) &#8230; <a title=\"Datos institucionales\" class=\"read-more\" href=\"https:\/\/isfdbelgrano-tuc.infd.edu.ar\/sitio\/datos-institucionales\/\" aria-label=\"More on Datos institucionales\">[+]<\/a><\/p>\n","protected":false},"author":11,"featured_media":0,"parent":0,"menu_order":0,"comment_status":"closed","ping_status":"closed","template":"","meta":[],"acf":[],"_links":{"self":[{"href":"https:\/\/isfdbelgrano-tuc.infd.edu.ar\/sitio\/wp-json\/wp\/v2\/pages\/853"}],"collection":[{"href":"https:\/\/isfdbelgrano-tuc.infd.edu.ar\/sitio\/wp-json\/wp\/v2\/pages"}],"about":[{"href":"https:\/\/isfdbelgrano-tuc.infd.edu.ar\/sitio\/wp-json\/wp\/v2\/types\/page"}],"author":[{"embeddable":true,"href":"https:\/\/isfdbelgrano-tuc.infd.edu.ar\/sitio\/wp-json\/wp\/v2\/users\/11"}],"replies":[{"embeddable":true,"href":"https:\/\/isfdbelgrano-tuc.infd.edu.ar\/sitio\/wp-json\/wp\/v2\/comments?post=853"}],"version-history":[{"count":2,"href":"https:\/\/isfdbelgrano-tuc.infd.edu.ar\/sitio\/wp-json\/wp\/v2\/pages\/853\/revisions"}],"predecessor-version":[{"id":932,"href":"https:\/\/isfdbelgrano-tuc.infd.edu.ar\/sitio\/wp-json\/wp\/v2\/pages\/853\/revisions\/932"}],"wp:attachment":[{"href":"https:\/\/isfdbelgrano-tuc.infd.edu.ar\/sitio\/wp-json\/wp\/v2\/media?parent=853"}],"curies":[{"name":"wp","href":"https:\/\/api.w.org\/{rel}","templated":true}]}}