{"id":828,"date":"2018-08-31T18:28:46","date_gmt":"2018-08-31T21:28:46","guid":{"rendered":"https:\/\/isfdbelgrano-tuc.infd.edu.ar\/sitio\/informacion-para-estudiantes\/"},"modified":"2026-03-27T16:34:01","modified_gmt":"2026-03-27T19:34:01","slug":"informacion-para-estudiantes","status":"publish","type":"page","link":"https:\/\/isfdbelgrano-tuc.infd.edu.ar\/sitio\/informacion-para-estudiantes\/","title":{"rendered":"Informaci\u00f3n para Estudiantes"},"content":{"rendered":"\n<p>Me<strong>sas especiales &#8211; Abril 2026<\/strong><\/p>\n\n\n\n<p>El ISFD informa que seg\u00fan Res. 0030\/5 Med, las inscripciones para las mesas especiales para acceder a las Pr\u00e1cticas Profesionales (FDI) y Pr\u00e1cticas Profesionalizantes (FT-P) se recepcionar\u00e1n del 08 al 10 de abril de presente a\u00f1o. Por \u00faltimo, las mesas de ex\u00e1menes se desarrollar\u00e1n del 13 al 24 de abril de 2026. <\/p>\n\n\n\n<p><\/p>\n\n\n\n<p><\/p>\n","protected":false},"excerpt":{"rendered":"<p>Mesas especiales &#8211; Abril 2026 El ISFD informa que seg\u00fan Res. 0030\/5 Med, las inscripciones para las mesas especiales para acceder a las Pr\u00e1cticas Profesionales (FDI) y Pr\u00e1cticas Profesionalizantes (FT-P) se recepcionar\u00e1n del 08 al 10 de abril de presente a\u00f1o. Por \u00faltimo, las mesas de ex\u00e1menes se desarrollar\u00e1n del 13 al 24 de abril &#8230; <a title=\"Informaci\u00f3n para Estudiantes\" class=\"read-more\" href=\"https:\/\/isfdbelgrano-tuc.infd.edu.ar\/sitio\/informacion-para-estudiantes\/\" aria-label=\"More on Informaci\u00f3n para Estudiantes\">[+]<\/a><\/p>\n","protected":false},"author":11,"featured_media":0,"parent":0,"menu_order":0,"comment_status":"closed","ping_status":"closed","template":"","meta":[],"acf":[],"_links":{"self":[{"href":"https:\/\/isfdbelgrano-tuc.infd.edu.ar\/sitio\/wp-json\/wp\/v2\/pages\/828"}],"collection":[{"href":"https:\/\/isfdbelgrano-tuc.infd.edu.ar\/sitio\/wp-json\/wp\/v2\/pages"}],"about":[{"href":"https:\/\/isfdbelgrano-tuc.infd.edu.ar\/sitio\/wp-json\/wp\/v2\/types\/page"}],"author":[{"embeddable":true,"href":"https:\/\/isfdbelgrano-tuc.infd.edu.ar\/sitio\/wp-json\/wp\/v2\/users\/11"}],"replies":[{"embeddable":true,"href":"https:\/\/isfdbelgrano-tuc.infd.edu.ar\/sitio\/wp-json\/wp\/v2\/comments?post=828"}],"version-history":[{"count":2,"href":"https:\/\/isfdbelgrano-tuc.infd.edu.ar\/sitio\/wp-json\/wp\/v2\/pages\/828\/revisions"}],"predecessor-version":[{"id":952,"href":"https:\/\/isfdbelgrano-tuc.infd.edu.ar\/sitio\/wp-json\/wp\/v2\/pages\/828\/revisions\/952"}],"wp:attachment":[{"href":"https:\/\/isfdbelgrano-tuc.infd.edu.ar\/sitio\/wp-json\/wp\/v2\/media?parent=828"}],"curies":[{"name":"wp","href":"https:\/\/api.w.org\/{rel}","templated":true}]}}