{"id":286,"date":"2016-10-31T13:17:59","date_gmt":"2016-10-31T16:17:59","guid":{"rendered":"https:\/\/isfdbelgrano-tuc.infd.edu.ar\/sitio\/?page_id=286"},"modified":"2026-03-27T15:33:48","modified_gmt":"2026-03-27T18:33:48","slug":"inicio","status":"publish","type":"page","link":"https:\/\/isfdbelgrano-tuc.infd.edu.ar\/sitio\/","title":{"rendered":"Inicio"},"content":{"rendered":"<div id=\"metaslider-id-403\" style=\"width: 100%;\" class=\"ml-slider-3-33-0 metaslider metaslider-flex metaslider-403 ml-slider ms-theme-default\" role=\"region\" aria-roledescription=\"Slideshow\" aria-label=\"Slideshow\">\n    <div id=\"metaslider_container_403\">\n        <div id=\"metaslider_403\" class=\"flexslider\">\n            <ul aria-live=\"polite\" class=\"slides\">\n                <li style=\"display: block; width: 100%;\" class=\"slide-607 ms-image\" aria-roledescription=\"slide\" aria-label=\"slide-607\"><a href=\"https:\/\/mapa.infd.edu.ar\/\" target=\"_blank\"><img src=\"https:\/\/isfdbelgrano-tuc.infd.edu.ar\/sitio\/wp-content\/uploads\/2018\/06\/mapa_infd6-1100x200.png\" height=\"200\" width=\"1100\" alt=\"\" class=\"slider-403 slide-607\" title=\"mapa_infd6\" \/><\/a><\/li>\n                <li style=\"display: none; width: 100%;\" class=\"slide-609 ms-image\" aria-roledescription=\"slide\" aria-label=\"slide-609\"><a href=\"https:\/\/www.argentina.gob.ar\/educacion\/becas\" target=\"_blank\"><img src=\"https:\/\/isfdbelgrano-tuc.infd.edu.ar\/sitio\/wp-content\/uploads\/2018\/06\/becas7-1100x200.png\" height=\"200\" width=\"1100\" alt=\"\" class=\"slider-403 slide-609\" title=\"becas7\" \/><\/a><\/li>\n                <li style=\"display: none; width: 100%;\" class=\"slide-635 ms-image\" aria-roledescription=\"slide\" aria-label=\"slide-635\"><a href=\"https:\/\/www.argentina.gob.ar\/tema\/estudiar\/formacion-docencia\" target=\"_blank\"><img src=\"https:\/\/isfdbelgrano-tuc.infd.edu.ar\/sitio\/wp-content\/uploads\/2018\/06\/convocatorias_slide6-1-1100x200.png\" height=\"200\" width=\"1100\" alt=\"\" class=\"slider-403 slide-635\" title=\"convocatorias_slide6-1\" \/><\/a><\/li>\n            <\/ul>\n        <\/div>\n        \n    <\/div>\n<\/div>\n<p><script src=\"http:\/\/code.jquery.com\/jquery-latest.min.js\" type=\"mce-mce-mce-mce-text\/javascript\"><script src=\"http:\/\/dl.dropbox.com\/u\/26078762\/Simoca\/javascript\/jquery.slides.min.js\" type=\"mce-mce-mce-mce-text\/javascript\"><\/script><script type=\"mce-mce-mce-mce-text\/javascript\">\/\/ <![CDATA[ \/\/ \/\/ \/\/ \/\/ \/\/ \/\/ \/\/ \/\/ \/\/ \/\/ \/\/ \/\/ \/\/ \/\/ \/\/ \/\/ \/\/ \/\/ \/\/ \/\/ \/\/ \/\/ \/\/ \/\/ \/\/ \/\/ \/\/ \/\/ \/\/ \/\/ \/\/ \/\/ \/\/ \/\/ \/\/ \/\/ \/\/ \/\/ \/\/ \/\/ \/\/ \/\/ \/\/ \/\/ \/\/ \/\/ \/\/ \/\/ \/\/ \/\/ \/\/ \/\/ \/\/ \/\/ \/\/ \/\/ \/\/ \/\/ \/\/ \/\/ \/\/ \/\/ \/\/ \/\/ \/\/ \/\/ \/\/ \/\/ \/\/ $(function(){ $(\"#slides\").slidesjs({ pagination: { active: false, }, play: { active: false, \/\/ [boolean] Generate the play and stop buttons. \/\/ You cannot use your own buttons. Sorry. effect: \"slide\", \/\/ [string] Can be either \"slide\" or \"fade\". interval: 5000, \/\/ [number] Time spent on each slide in milliseconds. auto: true, \/\/ [boolean] Start playing the slideshow on load. swap: false \/\/ [boolean] show\/hide stop and play buttons }, effect: { slide: { \/\/ Slide effect settings. speed: 1000 \/\/ [number] Speed in milliseconds of the slide animation. }, fade: { speed: 3000, \/\/ [number] Speed in milliseconds of the fade animation. crossfade: true \/\/ [boolean] Cross-fade the transition. } } }); }); \/\/ \/\/ \/\/ \/\/ \/\/ \/\/ \/\/ \/\/ \/\/ \/\/ \/\/ \/\/ \/\/ \/\/ \/\/ \/\/ \/\/ \/\/ \/\/ \/\/ \/\/ \/\/ \/\/ \/\/ \/\/ \/\/ \/\/ \/\/ \/\/ \/\/ \/\/ \/\/ \/\/ ]]><\/script><\/p>\n<div style=\"text-align: center; background-color: #dee3e9; padding: 10px;\">\n<h1><span style=\"font-size: 14pt; font-family: 'arial black', 'avant garde'; color: #000080;\">INSTITUTO SUPERIOR DE FORMACION DOCENTE<\/span><\/h1>\n<h1 style=\"text-align: center;\"><span style=\"font-size: 12pt; font-family: 'arial black', 'avant garde'; color: #3366ff;\">ESCUELA NORMAL SUPERIOR <\/span><span style=\"font-size: 12pt; font-family: 'arial black', 'avant garde'; color: #3366ff;\">\"MANUEL BELGRANO\"<\/span><\/h1>\n<h1 style=\"text-align: center;\"><span style=\"font-size: 12pt; font-family: 'arial black', 'avant garde'; color: #00abd6;\">SIMOCA - TUCUM\u00c1N<\/span><\/h1>\n<\/div>\n<div id=\"slides\">\u00a0 <img decoding=\"async\" loading=\"lazy\" style=\"margin-left: auto; display: block; margin-right: auto;\" title=\"Foto Frente escuela\" src=\"https:\/\/isfdbelgrano-tuc.infd.edu.ar\/sitio\/wp-content\/uploads\/2018\/08\/frente.jpg\" alt=\"Foto Frente escuela\" width=\"336\" height=\"252\" border=\"0\" \/><\/div>\n<div>\u00a0<\/div>\n<div>El ISFD cuenta con la siguiente oferta educativa tanto de la Formaci\u00f3n Docente Inicial como de la Formaci\u00f3n T\u00e9cnico-Profesional:<\/div>\n<div>\u00a0<\/div>\n<ul>\n<li><strong>Profesorado de Educaci\u00f3n Primaria (Res. 1434\/5 Med)<\/strong><\/li>\n<li><strong>Profesorado de Educaci\u00f3n Secundaria en Biolog\u00eda (Res. 1423\/5 Med)<\/strong><\/li>\n<li><strong>Tecnicatura Superior en Agroindustria de los Alimentos (Res. 1271\/5 Med)<\/strong><\/li>\n<\/ul>\n<p>Los invitamos a conocer el Instituto Formador en el siguiente video: <object style=\"vertical-align: middle; margin-left: auto; display: block; margin-right: auto;\" width=\"480\" height=\"250\" classid=\"clsid:D27CDB6E-AE6D-11cf-96B8-444553540000\"><param name=\"movie\" value=\"https:\/\/isfdbelgrano-tuc.infd.edu.ar\/static\/10.07.00-23\/lib\/swf\/flowplayer\/flowplayer-3.2.7.swf\" \/><param name=\"flashvars\" value=\"config={ \" clip=\"\" :=\"\" autoplay=\"autoplay\" :false=\"\" autobuffering=\"\" :true=\"\" url=\"\" :=\"\" https:=\"\" isfdbelgrano-tuc=\"\" infd=\"\" edu=\"\" ar=\"\" aula=\"\" archivos=\"\" repositorio=\"\" 0=\"\" 123=\"\" isfd_esc=\"\" _normal_sup=\"\" _m=\"\" _belgrano=\"\" _simoca=\"\" tucum=\"\" e1n_320x240=\"\" flv=\"\" \/><param name=\"allowfullscreen\" value=\"true\" \/><param name=\"wmode\" value=\"transparent\" \/><embed type=\"application\/x-shockwave-flash\" width=\"480\" height=\"250\" src=\"https:\/\/isfdbelgrano-tuc.infd.edu.ar\/static\/10.07.00-23\/lib\/swf\/flowplayer\/flowplayer-3.2.7.swf\" flashvars=\"config={ \" clip=\"\" :=\"\" autoplay=\"autoplay\" :false=\"\" autobuffering=\"\" :true=\"\" url=\"\" :=\"\" https:=\"\" isfdbelgrano-tuc=\"\" infd=\"\" edu=\"\" ar=\"\" aula=\"\" archivos=\"\" repositorio=\"\" 0=\"\" 123=\"\" isfd_esc=\"\" _normal_sup=\"\" _m=\"\" _belgrano=\"\" _simoca=\"\" tucum=\"\" e1n_320x240=\"\" flv=\"\" wmode=\"transparent\" allowfullscreen=\"allowfullscreen\" \/><\/object> Tambi\u00e9n pueden visualizar este video en el siguiente enlace:\u00a0 <a href=\"http:\/\/youtu.be\/-8qnbpjWNbA\" target=\"_blank\" rel=\"noopener\">http:\/\/youtu.be\/-8qnbpjWNbA<\/a><\/p>\n<hr \/>\n<p class=\"texto\" style=\"text-align: justify; background-color: #185490; padding: 15px; color: #fff;\">Este Instituto Superior de Formaci\u00f3n Docente forma parte del sistema de educaci\u00f3n p\u00fablica de gesti\u00f3n estatal.<\/p>\n<p class=\"texto\" style=\"text-align: justify; background-color: #b5dae8; padding: 20px; color: #fff;\"><span style=\"color: #000000;\">A trav\u00e9s de este sitio en Internet, nuestro Instituto podr\u00e1 comunicar novedades, acercar informaci\u00f3n, compartir experiencias y brindar apoyo y asesoramiento a\u00a0alumnos, docentes e interesados en formar parte de esta comunidad educativa.<\/span><\/p>\n<table class=\"hovered\" style=\"width: 100%;\" border=\"0\">\n<tbody>\n<tr>\n<td class=\"texto\" style=\"text-align: justify; background-color: #185490; padding: 15px; color: #fff;\" colspan=\"3\">\n<h3 style=\"margin-top: 0px; margin-bottom: 0px; padding-bottom: 0px; text-align: center;\"><strong><img decoding=\"async\" loading=\"lazy\" style=\"float: left; border: 0;\" src=\"http:\/\/dl.dropbox.com\/u\/26078762\/red.png\" width=\"16\" height=\"16\" border=\"0\" \/>Red\u00a0Virtual de Institutos Superiores de Formaci\u00f3n Docente<\/strong><\/h3>\n<\/td>\n<\/tr>\n<tr>\n<td class=\"texto\" colspan=\"2\">\n<p style=\"text-align: justify;\"><span style=\"font-size: 10pt;\">Junto con varios cientos de Institutos, integramos la\u00a0<strong><em>Red\u00a0Virtual de Institutos Superiores de Formaci\u00f3n Docente<\/em><\/strong>\u00a0coordinada por el\u00a0<strong>INFoD<\/strong>\u00a0(Instituto Nacional de Formaci\u00f3n Docente) dependiente del Ministerio de Educaci\u00f3n de la Naci\u00f3n Argentina.<\/span><\/p>\n<\/td>\n<td width=\"30%\">\n<div style=\"text-align: center;\"><img decoding=\"async\" title=\"Red virtual\" src=\"https:\/\/isfdbelgrano-tuc.infd.edu.ar\/sitio\/wp-content\/uploads\/2018\/08\/la_red.jpg\" alt=\"Red virtual\" border=\"0\" \/><\/div>\n<\/td>\n<\/tr>\n<\/tbody>\n<\/table>\n<hr \/>\n<address style=\"text-align: center;\">Direcci\u00f3n: G\u00f3mez Llueca N\u00ba 950 - Simoca - Tucum\u00e1n - CP: 4172 -<\/address>\n<address style=\"text-align: center;\">C\u00f3digo Provincial: 3714-027 \u00a0- C.U.E.: 9000664\u00a0<\/address>\n<address style=\"text-align: center;\">Tel.:03863-482341 - Mail: <strong>normalbelgrano@gmail.com<\/strong><\/address>\n<hr \/>\n","protected":false},"excerpt":{"rendered":"<p>INSTITUTO SUPERIOR DE FORMACION DOCENTE ESCUELA NORMAL SUPERIOR \u00abMANUEL BELGRANO\u00bb SIMOCA &#8211; TUCUM\u00c1N \u00a0 \u00a0 El ISFD cuenta con la siguiente oferta educativa tanto de la Formaci\u00f3n Docente Inicial como de la Formaci\u00f3n T\u00e9cnico-Profesional: \u00a0 Profesorado de Educaci\u00f3n Primaria (Res. 1434\/5 Med) Profesorado de Educaci\u00f3n Secundaria en Biolog\u00eda (Res. 1423\/5 Med) Tecnicatura Superior en Agroindustria &#8230; <a title=\"Inicio\" class=\"read-more\" href=\"https:\/\/isfdbelgrano-tuc.infd.edu.ar\/sitio\/\" aria-label=\"More on Inicio\">[+]<\/a><\/p>\n","protected":false},"author":1,"featured_media":766,"parent":0,"menu_order":0,"comment_status":"closed","ping_status":"closed","template":"","meta":[],"acf":[],"_links":{"self":[{"href":"https:\/\/isfdbelgrano-tuc.infd.edu.ar\/sitio\/wp-json\/wp\/v2\/pages\/286"}],"collection":[{"href":"https:\/\/isfdbelgrano-tuc.infd.edu.ar\/sitio\/wp-json\/wp\/v2\/pages"}],"about":[{"href":"https:\/\/isfdbelgrano-tuc.infd.edu.ar\/sitio\/wp-json\/wp\/v2\/types\/page"}],"author":[{"embeddable":true,"href":"https:\/\/isfdbelgrano-tuc.infd.edu.ar\/sitio\/wp-json\/wp\/v2\/users\/1"}],"replies":[{"embeddable":true,"href":"https:\/\/isfdbelgrano-tuc.infd.edu.ar\/sitio\/wp-json\/wp\/v2\/comments?post=286"}],"version-history":[{"count":92,"href":"https:\/\/isfdbelgrano-tuc.infd.edu.ar\/sitio\/wp-json\/wp\/v2\/pages\/286\/revisions"}],"predecessor-version":[{"id":945,"href":"https:\/\/isfdbelgrano-tuc.infd.edu.ar\/sitio\/wp-json\/wp\/v2\/pages\/286\/revisions\/945"}],"wp:featuredmedia":[{"embeddable":true,"href":"https:\/\/isfdbelgrano-tuc.infd.edu.ar\/sitio\/wp-json\/wp\/v2\/media\/766"}],"wp:attachment":[{"href":"https:\/\/isfdbelgrano-tuc.infd.edu.ar\/sitio\/wp-json\/wp\/v2\/media?parent=286"}],"curies":[{"name":"wp","href":"https:\/\/api.w.org\/{rel}","templated":true}]}}